{"id":437,"date":"2020-04-22T11:25:32","date_gmt":"2020-04-22T11:25:32","guid":{"rendered":"https:\/\/drpsih.ffzg.unizg.hr\/?page_id=437"},"modified":"2025-03-20T13:07:49","modified_gmt":"2025-03-20T13:07:49","slug":"prijave-i-upisi","status":"publish","type":"page","link":"https:\/\/drpsih.ffzg.unizg.hr\/index.php\/prijave-i-upisi\/","title":{"rendered":"Prijava i upisi"},"content":{"rendered":"\t\t<div data-elementor-type=\"wp-page\" data-elementor-id=\"437\" class=\"elementor elementor-437\" data-elementor-settings=\"[]\">\n\t\t\t\t\t\t<div class=\"elementor-inner\">\n\t\t\t\t\t\t\t<div class=\"elementor-section-wrap\">\n\t\t\t\t\t\t\t<section class=\"elementor-section elementor-top-section elementor-element elementor-element-230b130 elementor-section-full_width elementor-section-height-default elementor-section-height-default\" data-id=\"230b130\" data-element_type=\"section\" data-settings=\"{&quot;background_background&quot;:&quot;classic&quot;,&quot;_ha_eqh_enable&quot;:false}\">\n\t\t\t\t\t\t\t<div class=\"elementor-background-overlay\"><\/div>\n\t\t\t\t\t\t\t<div class=\"elementor-container elementor-column-gap-default\">\n\t\t\t\t\t\t\t<div class=\"elementor-row\">\n\t\t\t\t\t<div class=\"elementor-column elementor-col-100 elementor-top-column elementor-element elementor-element-e3b384d\" data-id=\"e3b384d\" data-element_type=\"column\">\n\t\t\t<div class=\"elementor-column-wrap elementor-element-populated\">\n\t\t\t\t\t\t\t<div class=\"elementor-widget-wrap\">\n\t\t\t\t\t\t<div class=\"elementor-element elementor-element-663d014 elementor-widget elementor-widget-heading\" data-id=\"663d014\" data-element_type=\"widget\" data-widget_type=\"heading.default\">\n\t\t\t\t<div class=\"elementor-widget-container\">\n\t\t\t<h2 class=\"elementor-heading-title elementor-size-default\">Prijava i upisi<\/h2>\t\t<\/div>\n\t\t\t\t<\/div>\n\t\t\t\t\t\t<\/div>\n\t\t\t\t\t<\/div>\n\t\t<\/div>\n\t\t\t\t\t\t\t\t<\/div>\n\t\t\t\t\t<\/div>\n\t\t<\/section>\n\t\t\t\t<section class=\"elementor-section elementor-top-section elementor-element elementor-element-f94b4f6 elementor-section-boxed elementor-section-height-default elementor-section-height-default\" data-id=\"f94b4f6\" data-element_type=\"section\" data-settings=\"{&quot;_ha_eqh_enable&quot;:false}\">\n\t\t\t\t\t\t<div class=\"elementor-container elementor-column-gap-default\">\n\t\t\t\t\t\t\t<div class=\"elementor-row\">\n\t\t\t\t\t<div class=\"elementor-column elementor-col-100 elementor-top-column elementor-element elementor-element-73538fd\" data-id=\"73538fd\" data-element_type=\"column\">\n\t\t\t<div class=\"elementor-column-wrap elementor-element-populated\">\n\t\t\t\t\t\t\t<div class=\"elementor-widget-wrap\">\n\t\t\t\t\t\t<section class=\"elementor-section elementor-inner-section elementor-element elementor-element-0aa2790 elementor-section-boxed elementor-section-height-default elementor-section-height-default\" data-id=\"0aa2790\" data-element_type=\"section\" data-settings=\"{&quot;_ha_eqh_enable&quot;:false}\">\n\t\t\t\t\t\t<div class=\"elementor-container elementor-column-gap-default\">\n\t\t\t\t\t\t\t<div class=\"elementor-row\">\n\t\t\t\t\t<div class=\"elementor-column elementor-col-33 elementor-inner-column elementor-element elementor-element-cc3e7f6\" data-id=\"cc3e7f6\" data-element_type=\"column\">\n\t\t\t<div class=\"elementor-column-wrap elementor-element-populated\">\n\t\t\t\t\t\t\t<div class=\"elementor-widget-wrap\">\n\t\t\t\t\t\t<div class=\"elementor-element elementor-element-038a94f elementor-widget elementor-widget-sidebar\" data-id=\"038a94f\" data-element_type=\"widget\" data-widget_type=\"sidebar.default\">\n\t\t\t\t<div class=\"elementor-widget-container\">\n\t\t\t<div id=\"nav_menu-2\" class=\"widget widget_nav_menu\"><div class=\"menu-prijava-i-upisi-container\"><ul id=\"menu-prijava-i-upisi\" class=\"menu\"><li id=\"menu-item-731\" class=\"menu-item menu-item-type-post_type menu-item-object-page menu-item-731\"><a href=\"https:\/\/drpsih.ffzg.unizg.hr\/index.php\/psiholozi\/\" class=\"suki-menu-item-link \"><span class=\"suki-menu-item-title\">Psiholozi<\/span><\/a><\/li>\n<li id=\"menu-item-730\" class=\"menu-item menu-item-type-post_type menu-item-object-page menu-item-730\"><a href=\"https:\/\/drpsih.ffzg.unizg.hr\/index.php\/druge-struke\/\" class=\"suki-menu-item-link \"><span class=\"suki-menu-item-title\">Druge struke<\/span><\/a><\/li>\n<li id=\"menu-item-736\" class=\"menu-item menu-item-type-post_type menu-item-object-page menu-item-736\"><a href=\"https:\/\/drpsih.ffzg.unizg.hr\/index.php\/mentori-i-podrucja\/\" class=\"suki-menu-item-link \"><span class=\"suki-menu-item-title\">Studijski savjetnici<\/span><\/a><\/li>\n<\/ul><\/div><\/div>\t\t<\/div>\n\t\t\t\t<\/div>\n\t\t\t\t\t\t<\/div>\n\t\t\t\t\t<\/div>\n\t\t<\/div>\n\t\t\t\t<div class=\"elementor-column elementor-col-66 elementor-inner-column elementor-element elementor-element-b5e0a6e\" data-id=\"b5e0a6e\" data-element_type=\"column\">\n\t\t\t<div class=\"elementor-column-wrap elementor-element-populated\">\n\t\t\t\t\t\t\t<div class=\"elementor-widget-wrap\">\n\t\t\t\t\t\t<div class=\"elementor-element elementor-element-bf7c401 elementor-widget elementor-widget-text-editor\" data-id=\"bf7c401\" data-element_type=\"widget\" data-widget_type=\"text-editor.default\">\n\t\t\t\t<div class=\"elementor-widget-container\">\n\t\t\t\t\t<div class=\"elementor-text-editor elementor-clearfix\"><p>Doktorski studij psihologije mogu upisati diplomirani psiholozi\/profesori psihologije koji su studij zavr\u0161ili po starome \u201epredbolonjskom\u201c programu, te psiholozi koji su zavr\u0161ili diplomski studij psihologije (magistri struke), odnosno zavr\u0161ili studij psihologije prema na\u010delima bolonjskog procesa.<\/p><p><span style=\"letter-spacing: 0px;\">Doktorski studij mogu upisati i magistri psihologije i magistri specijalisti (mr. sc. i mr. spec.) i studenti koji su odslu\u0161ali znanstveni ili specijalisti\u010dki studij iz psihologije i polo\u017eili sve propisane predmete, ali nisu obranili zavr\u0161ni rad. Svaki ovakav slu\u010daj se rje\u0161ava pojedina\u010dno, na molbu studenta, a Vije\u0107e Doktorskog studija \u0107e donijeti odluku o mogu\u0107im razlikovnim ispitima, kao i o ispitima i obvezama koje se mogu priznati u okviru doktorskog studija, ovisno o odslu\u0161anom poslijediplomskom programu obrazovanja.<\/span><\/p><p>Doktorski studij mogu upisati i magistri drugih struka, pri \u010demu upisuju najprije pripremnu godinu doktorskog studija, koja podrazumijeva polaganje razlikovnih ispita koje odre\u0111uje posebno povjerenstvo Vije\u0107a Doktorskog studija psihologije. Nakon uspje\u0161no zavr\u0161ene pripremne godine i polo\u017eenih propisanih ispita, ovi studenti ulaze u program doktorskog studija psihologije kao i drugi kandidati.<\/p><p>Maksimalni broj polaznika po generaciji je 20. U slu\u010daju ve\u0107eg broja prijavljenih kandidata, odabrat \u0107e se 20 najuspje\u0161nijih.<\/p><p>Studij traje 6 semestara, a \u0161kolarina po semestru iznosi 1.500,00 EUR.<\/p><p>Maksimalan broj polaznika na Pripremnoj godini studija je 5.\u00a0<span style=\"letter-spacing: 0px;\">U slu\u010daju ve\u0107eg broja prijavljenih kandidata, odabrat \u0107e se 5 najuspje\u0161nijih.<\/span><\/p><p><span style=\"letter-spacing: 0px;\">Pripremna godina studija traje maksimalno 2 godine, a cijena je jednokratno 800,00 EUR.<\/span><\/p><\/div>\n\t\t\t\t<\/div>\n\t\t\t\t<\/div>\n\t\t\t\t\t\t<\/div>\n\t\t\t\t\t<\/div>\n\t\t<\/div>\n\t\t\t\t\t\t\t\t<\/div>\n\t\t\t\t\t<\/div>\n\t\t<\/section>\n\t\t\t\t\t\t<\/div>\n\t\t\t\t\t<\/div>\n\t\t<\/div>\n\t\t\t\t\t\t\t\t<\/div>\n\t\t\t\t\t<\/div>\n\t\t<\/section>\n\t\t\t\t<section class=\"elementor-section elementor-top-section elementor-element elementor-element-4504176 elementor-section-boxed elementor-section-height-default elementor-section-height-default\" data-id=\"4504176\" data-element_type=\"section\" data-settings=\"{&quot;_ha_eqh_enable&quot;:false}\">\n\t\t\t\t\t\t<div class=\"elementor-container elementor-column-gap-default\">\n\t\t\t\t\t\t\t<div class=\"elementor-row\">\n\t\t\t\t\t<div class=\"elementor-column elementor-col-100 elementor-top-column elementor-element elementor-element-081a318\" data-id=\"081a318\" data-element_type=\"column\">\n\t\t\t<div class=\"elementor-column-wrap elementor-element-populated\">\n\t\t\t\t\t\t\t<div class=\"elementor-widget-wrap\">\n\t\t\t\t\t\t<div class=\"elementor-element elementor-element-55fa243 elementor-widget-divider--view-line elementor-widget elementor-widget-divider\" data-id=\"55fa243\" data-element_type=\"widget\" data-widget_type=\"divider.default\">\n\t\t\t\t<div class=\"elementor-widget-container\">\n\t\t\t\t\t<div class=\"elementor-divider\">\n\t\t\t<span class=\"elementor-divider-separator\">\n\t\t\t\t\t\t<\/span>\n\t\t<\/div>\n\t\t\t\t<\/div>\n\t\t\t\t<\/div>\n\t\t\t\t\t\t<\/div>\n\t\t\t\t\t<\/div>\n\t\t<\/div>\n\t\t\t\t\t\t\t\t<\/div>\n\t\t\t\t\t<\/div>\n\t\t<\/section>\n\t\t\t\t<section class=\"elementor-section elementor-top-section elementor-element elementor-element-cde7255 elementor-section-boxed elementor-section-height-default elementor-section-height-default\" data-id=\"cde7255\" data-element_type=\"section\" data-settings=\"{&quot;_ha_eqh_enable&quot;:false}\">\n\t\t\t\t\t\t<div class=\"elementor-container elementor-column-gap-default\">\n\t\t\t\t\t\t\t<div class=\"elementor-row\">\n\t\t\t\t\t<div class=\"elementor-column elementor-col-100 elementor-top-column elementor-element elementor-element-f696069\" data-id=\"f696069\" data-element_type=\"column\">\n\t\t\t<div class=\"elementor-column-wrap elementor-element-populated\">\n\t\t\t\t\t\t\t<div class=\"elementor-widget-wrap\">\n\t\t\t\t\t\t<div class=\"elementor-element elementor-element-02ae707 elementor-widget elementor-widget-spacer\" data-id=\"02ae707\" data-element_type=\"widget\" data-widget_type=\"spacer.default\">\n\t\t\t\t<div class=\"elementor-widget-container\">\n\t\t\t\t\t<div class=\"elementor-spacer\">\n\t\t\t<div class=\"elementor-spacer-inner\"><\/div>\n\t\t<\/div>\n\t\t\t\t<\/div>\n\t\t\t\t<\/div>\n\t\t\t\t\t\t<\/div>\n\t\t\t\t\t<\/div>\n\t\t<\/div>\n\t\t\t\t\t\t\t\t<\/div>\n\t\t\t\t\t<\/div>\n\t\t<\/section>\n\t\t\t\t\t\t<\/div>\n\t\t\t\t\t\t<\/div>\n\t\t\t\t\t<\/div>\n\t\t","protected":false},"excerpt":{"rendered":"<p>Prijava i upisi Doktorski studij psihologije mogu upisati diplomirani psiholozi\/profesori psihologije koji su studij zavr\u0161ili po starome \u201epredbolonjskom\u201c programu, te psiholozi koji su zavr\u0161ili diplomski studij psihologije (magistri struke), odnosno zavr\u0161ili studij psihologije prema na\u010delima bolonjskog procesa. Doktorski studij mogu upisati i magistri psihologije i magistri specijalisti (mr. sc. i mr. spec.) i studenti koji&hellip;<\/p>\n","protected":false},"author":1,"featured_media":1005,"parent":0,"menu_order":0,"comment_status":"closed","ping_status":"closed","template":"elementor_header_footer","meta":[],"_links":{"self":[{"href":"https:\/\/drpsih.ffzg.unizg.hr\/index.php\/wp-json\/wp\/v2\/pages\/437"}],"collection":[{"href":"https:\/\/drpsih.ffzg.unizg.hr\/index.php\/wp-json\/wp\/v2\/pages"}],"about":[{"href":"https:\/\/drpsih.ffzg.unizg.hr\/index.php\/wp-json\/wp\/v2\/types\/page"}],"author":[{"embeddable":true,"href":"https:\/\/drpsih.ffzg.unizg.hr\/index.php\/wp-json\/wp\/v2\/users\/1"}],"replies":[{"embeddable":true,"href":"https:\/\/drpsih.ffzg.unizg.hr\/index.php\/wp-json\/wp\/v2\/comments?post=437"}],"version-history":[{"count":43,"href":"https:\/\/drpsih.ffzg.unizg.hr\/index.php\/wp-json\/wp\/v2\/pages\/437\/revisions"}],"predecessor-version":[{"id":4072,"href":"https:\/\/drpsih.ffzg.unizg.hr\/index.php\/wp-json\/wp\/v2\/pages\/437\/revisions\/4072"}],"wp:featuredmedia":[{"embeddable":true,"href":"https:\/\/drpsih.ffzg.unizg.hr\/index.php\/wp-json\/wp\/v2\/media\/1005"}],"wp:attachment":[{"href":"https:\/\/drpsih.ffzg.unizg.hr\/index.php\/wp-json\/wp\/v2\/media?parent=437"}],"curies":[{"name":"wp","href":"https:\/\/api.w.org\/{rel}","templated":true}]}}