{"id":60,"date":"2020-04-14T18:24:48","date_gmt":"2020-04-14T18:24:48","guid":{"rendered":"https:\/\/drpsih.ffzg.unizg.hr\/?page_id=60"},"modified":"2025-04-29T11:55:05","modified_gmt":"2025-04-29T11:55:05","slug":"naslovnica","status":"publish","type":"page","link":"https:\/\/drpsih.ffzg.unizg.hr\/","title":{"rendered":"Po\u010detna"},"content":{"rendered":"\t\t<div data-elementor-type=\"wp-page\" data-elementor-id=\"60\" class=\"elementor elementor-60\" data-elementor-settings=\"[]\">\n\t\t\t\t\t\t<div class=\"elementor-inner\">\n\t\t\t\t\t\t\t<div class=\"elementor-section-wrap\">\n\t\t\t\t\t\t\t<section class=\"elementor-section elementor-top-section elementor-element elementor-element-b22c07b elementor-section-full_width elementor-section-height-min-height elementor-section-items-stretch elementor-section-height-default\" data-id=\"b22c07b\" data-element_type=\"section\" data-settings=\"{&quot;background_background&quot;:&quot;classic&quot;,&quot;_ha_eqh_enable&quot;:false}\">\n\t\t\t\t\t\t\t<div class=\"elementor-background-overlay\"><\/div>\n\t\t\t\t\t\t\t<div class=\"elementor-container elementor-column-gap-default\">\n\t\t\t\t\t\t\t<div class=\"elementor-row\">\n\t\t\t\t\t<div class=\"elementor-column elementor-col-100 elementor-top-column elementor-element elementor-element-60a713b\" data-id=\"60a713b\" data-element_type=\"column\">\n\t\t\t<div class=\"elementor-column-wrap elementor-element-populated\">\n\t\t\t\t\t\t\t<div class=\"elementor-widget-wrap\">\n\t\t\t\t\t\t<section class=\"elementor-section elementor-inner-section elementor-element elementor-element-b2d769d elementor-section-boxed elementor-section-height-default elementor-section-height-default\" data-id=\"b2d769d\" data-element_type=\"section\" data-settings=\"{&quot;background_background&quot;:&quot;gradient&quot;,&quot;_ha_eqh_enable&quot;:false}\">\n\t\t\t\t\t\t\t<div class=\"elementor-background-overlay\"><\/div>\n\t\t\t\t\t\t\t<div class=\"elementor-container elementor-column-gap-default\">\n\t\t\t\t\t\t\t<div class=\"elementor-row\">\n\t\t\t\t\t<div class=\"elementor-column elementor-col-100 elementor-inner-column elementor-element elementor-element-4979308\" data-id=\"4979308\" data-element_type=\"column\" data-settings=\"{&quot;background_background&quot;:&quot;gradient&quot;}\">\n\t\t\t<div class=\"elementor-column-wrap elementor-element-populated\">\n\t\t\t\t\t\t\t<div class=\"elementor-widget-wrap\">\n\t\t\t\t\t\t<div class=\"elementor-element elementor-element-f49966d elementor-widget elementor-widget-heading\" data-id=\"f49966d\" data-element_type=\"widget\" data-widget_type=\"heading.default\">\n\t\t\t\t<div class=\"elementor-widget-container\">\n\t\t\t<h1 class=\"elementor-heading-title elementor-size-xxl\">Doktorski studij psihologije<\/h1>\t\t<\/div>\n\t\t\t\t<\/div>\n\t\t\t\t\t\t<\/div>\n\t\t\t\t\t<\/div>\n\t\t<\/div>\n\t\t\t\t\t\t\t\t<\/div>\n\t\t\t\t\t<\/div>\n\t\t<\/section>\n\t\t\t\t<section class=\"elementor-section elementor-inner-section elementor-element elementor-element-4cc885a elementor-section-boxed elementor-section-height-default elementor-section-height-default\" data-id=\"4cc885a\" data-element_type=\"section\" data-settings=\"{&quot;background_background&quot;:&quot;gradient&quot;,&quot;_ha_eqh_enable&quot;:false}\">\n\t\t\t\t\t\t<div class=\"elementor-container elementor-column-gap-default\">\n\t\t\t\t\t\t\t<div class=\"elementor-row\">\n\t\t\t\t\t<div class=\"elementor-column elementor-col-100 elementor-inner-column elementor-element elementor-element-6e417af\" data-id=\"6e417af\" data-element_type=\"column\">\n\t\t\t<div class=\"elementor-column-wrap elementor-element-populated\">\n\t\t\t\t\t\t\t<div class=\"elementor-widget-wrap\">\n\t\t\t\t\t\t<div class=\"elementor-element elementor-element-dfb6181 elementor-widget elementor-widget-heading\" data-id=\"dfb6181\" data-element_type=\"widget\" data-widget_type=\"heading.default\">\n\t\t\t\t<div class=\"elementor-widget-container\">\n\t\t\t<h2 class=\"elementor-heading-title elementor-size-default\">Odsjek za psihologiju, Filozofski fakultet Sveu\u010dili\u0161ta u Zagrebu<\/h2>\t\t<\/div>\n\t\t\t\t<\/div>\n\t\t\t\t\t\t<\/div>\n\t\t\t\t\t<\/div>\n\t\t<\/div>\n\t\t\t\t\t\t\t\t<\/div>\n\t\t\t\t\t<\/div>\n\t\t<\/section>\n\t\t\t\t<section class=\"elementor-section elementor-inner-section elementor-element elementor-element-4ac6798 elementor-section-boxed elementor-section-height-default elementor-section-height-default\" data-id=\"4ac6798\" data-element_type=\"section\" data-settings=\"{&quot;_ha_eqh_enable&quot;:false}\">\n\t\t\t\t\t\t<div class=\"elementor-container elementor-column-gap-default\">\n\t\t\t\t\t\t\t<div class=\"elementor-row\">\n\t\t\t\t\t<div class=\"elementor-column elementor-col-100 elementor-inner-column elementor-element elementor-element-da10cf2\" data-id=\"da10cf2\" data-element_type=\"column\">\n\t\t\t<div class=\"elementor-column-wrap elementor-element-populated\">\n\t\t\t\t\t\t\t<div class=\"elementor-widget-wrap\">\n\t\t\t\t\t\t<div class=\"elementor-element elementor-element-caca600 elementor-widget elementor-widget-text-editor\" data-id=\"caca600\" data-element_type=\"widget\" data-widget_type=\"text-editor.default\">\n\t\t\t\t<div class=\"elementor-widget-container\">\n\t\t\t\t\t<div class=\"elementor-text-editor elementor-clearfix\"><\/div>\n\t\t\t\t<\/div>\n\t\t\t\t<\/div>\n\t\t\t\t<div class=\"elementor-element elementor-element-71ba8fc elementor-button-danger elementor-align-center elementor-widget elementor-widget-button\" data-id=\"71ba8fc\" data-element_type=\"widget\" data-widget_type=\"button.default\">\n\t\t\t\t<div class=\"elementor-widget-container\">\n\t\t\t\t\t<div class=\"elementor-button-wrapper\">\n\t\t\t<a href=\"https:\/\/drpsih.ffzg.unizg.hr\/index.php\/prijave-i-upisi\/\" class=\"elementor-button-link elementor-button elementor-size-sm\" role=\"button\">\n\t\t\t\t\t\t<span class=\"elementor-button-content-wrapper\">\n\t\t\t\t\t\t<span class=\"elementor-button-icon elementor-align-icon-left\">\n\t\t\t\t<i aria-hidden=\"true\" class=\"far fa-bell\"><\/i>\t\t\t<\/span>\n\t\t\t\t\t\t<span class=\"elementor-button-text\">Natje\u010daj za upis na Doktorski studij psihologije<\/span>\n\t\t<\/span>\n\t\t\t\t\t<\/a>\n\t\t<\/div>\n\t\t\t\t<\/div>\n\t\t\t\t<\/div>\n\t\t\t\t<div class=\"elementor-element elementor-element-5398a4e elementor-widget elementor-widget-text-editor\" data-id=\"5398a4e\" data-element_type=\"widget\" data-widget_type=\"text-editor.default\">\n\t\t\t\t<div class=\"elementor-widget-container\">\n\t\t\t\t\t<div class=\"elementor-text-editor elementor-clearfix\"><\/div>\n\t\t\t\t<\/div>\n\t\t\t\t<\/div>\n\t\t\t\t\t\t<\/div>\n\t\t\t\t\t<\/div>\n\t\t<\/div>\n\t\t\t\t\t\t\t\t<\/div>\n\t\t\t\t\t<\/div>\n\t\t<\/section>\n\t\t\t\t\t\t<\/div>\n\t\t\t\t\t<\/div>\n\t\t<\/div>\n\t\t\t\t\t\t\t\t<\/div>\n\t\t\t\t\t<\/div>\n\t\t<\/section>\n\t\t\t\t<section class=\"elementor-section elementor-top-section elementor-element elementor-element-42a020e elementor-section-boxed elementor-section-height-default elementor-section-height-default\" data-id=\"42a020e\" data-element_type=\"section\" data-settings=\"{&quot;_ha_eqh_enable&quot;:false}\">\n\t\t\t\t\t\t<div class=\"elementor-container elementor-column-gap-default\">\n\t\t\t\t\t\t\t<div class=\"elementor-row\">\n\t\t\t\t\t<div class=\"elementor-column elementor-col-100 elementor-top-column elementor-element elementor-element-9c197dc\" data-id=\"9c197dc\" data-element_type=\"column\">\n\t\t\t<div class=\"elementor-column-wrap elementor-element-populated\">\n\t\t\t\t\t\t\t<div class=\"elementor-widget-wrap\">\n\t\t\t\t\t\t<div class=\"elementor-element elementor-element-458e093 elementor-widget elementor-widget-heading\" data-id=\"458e093\" data-element_type=\"widget\" data-widget_type=\"heading.default\">\n\t\t\t\t<div class=\"elementor-widget-container\">\n\t\t\t<h2 class=\"elementor-heading-title elementor-size-default\">Uvodna rije\u010d voditeljice<\/h2>\t\t<\/div>\n\t\t\t\t<\/div>\n\t\t\t\t\t\t<\/div>\n\t\t\t\t\t<\/div>\n\t\t<\/div>\n\t\t\t\t\t\t\t\t<\/div>\n\t\t\t\t\t<\/div>\n\t\t<\/section>\n\t\t\t\t<section class=\"elementor-section elementor-top-section elementor-element elementor-element-871c317 elementor-section-boxed elementor-section-height-default elementor-section-height-default\" data-id=\"871c317\" data-element_type=\"section\" data-settings=\"{&quot;_ha_eqh_enable&quot;:false}\">\n\t\t\t\t\t\t<div class=\"elementor-container elementor-column-gap-default\">\n\t\t\t\t\t\t\t<div class=\"elementor-row\">\n\t\t\t\t\t<div class=\"elementor-column elementor-col-100 elementor-top-column elementor-element elementor-element-087c58b\" data-id=\"087c58b\" data-element_type=\"column\">\n\t\t\t<div class=\"elementor-column-wrap\">\n\t\t\t\t\t\t\t<div class=\"elementor-widget-wrap\">\n\t\t\t\t\t\t\t\t<\/div>\n\t\t\t\t\t<\/div>\n\t\t<\/div>\n\t\t\t\t\t\t\t\t<\/div>\n\t\t\t\t\t<\/div>\n\t\t<\/section>\n\t\t\t\t<section class=\"elementor-section elementor-top-section elementor-element elementor-element-858ab37 elementor-section-boxed elementor-section-height-default elementor-section-height-default\" data-id=\"858ab37\" data-element_type=\"section\" data-settings=\"{&quot;_ha_eqh_enable&quot;:false}\">\n\t\t\t\t\t\t<div class=\"elementor-container elementor-column-gap-default\">\n\t\t\t\t\t\t\t<div class=\"elementor-row\">\n\t\t\t\t\t<div class=\"elementor-column elementor-col-100 elementor-top-column elementor-element elementor-element-dc443ae\" data-id=\"dc443ae\" data-element_type=\"column\">\n\t\t\t<div class=\"elementor-column-wrap elementor-element-populated\">\n\t\t\t\t\t\t\t<div class=\"elementor-widget-wrap\">\n\t\t\t\t\t\t<div class=\"elementor-element elementor-element-fd54cf4 elementor-widget elementor-widget-text-editor\" data-id=\"fd54cf4\" data-element_type=\"widget\" data-widget_type=\"text-editor.default\">\n\t\t\t\t<div class=\"elementor-widget-container\">\n\t\t\t\t\t<div class=\"elementor-text-editor elementor-clearfix\"><p>Dobrodo\u0161li na Doktorski studij psihologije!<\/p><p style=\"font-weight: 400;\"><span style=\"font-size: inherit; letter-spacing: 0px;\">Sve alumne, sada\u0161nje i budu\u0107e doktorande s veseljem obavje\u0161tavam da je na\u0161 doktorski studij uspje\u0161no pro\u0161ao postupak me\u0111unarodne akreditacije te nam je u srpnju 2018. izdana <\/span>potvrda<span style=\"font-size: inherit; letter-spacing: 0px;\">\u00a0o ispunjavanju uvjeta za izvo\u0111enje programa.<\/span><\/p><p style=\"font-weight: 400;\">Na temelju samoanalize koju smo proveli 2017. godine te preporuka me\u0111unarodnog povjerenstva, izradili smo izmjene u <a href=\"https:\/\/drpsih.ffzg.unizg.hr\/wp-content\/uploads\/2021\/02\/Program-Doktorskog-studija-psihologije-2019_izv.pdf\">programu<\/a> kojeg odlikuje ve\u0107a izbornost sadr\u017eaja i metoda rada te individualan pristup potrebama i interesima pojedinog kandidata. Senat Sveu\u010dili\u0161te u Zagrebu je ove izmjene odobrilo krajem 2019. godine.<\/p><p><a href=\"https:\/\/drpsih.ffzg.unizg.hr\/index.php\/nastavnici\/\">Nastavnici<\/a> i <a href=\"https:\/\/drpsih.ffzg.unizg.hr\/index.php\/mentori-i-podrucja\/\">mentori<\/a> na na\u0161em doktorskom studiju su aktivni znanstvenici koji se istra\u017eiva\u010dki bave razli\u010ditim podru\u010djima psihologije, a odlikuje ih visoka znanstvena produktivnost, me\u0111unarodna citiranost i nastavni\u010dke kompetencije. Osim 25 nastavnika s Odsjeka za psihologiju, na\u0161 tim \u010dine i istaknuti znanstvenici s Odjela za psihologiju Sveu\u010dili\u0161ta u Zadru, nastavnici s drugih fakulteta Sveu\u010dili\u0161ta u Zagrebu te znanstvenici s Instituta za dru\u0161tvena istra\u017eivanja u Zagrebu.\u00a0<\/p><p style=\"font-weight: 400;\">Studente Doktorskog studija psihologije na Filozofskom fakultetu u Zagrebu odlikuje \u0161arolikost istra\u017eiva\u010dkih interesa i razli\u010diti karijerni putovi. Otprilike polovica studenata radi na akademskim institucijama kao istra\u017eiva\u010di, znanstveni novaci ili asistenti, dok polovica dolazi iz prakse, iz poslovnog, javnog i nevladinog sektora. Zato je izvedbeni program doktorskog studija prilago\u0111en studentima koji studiraju uz rad. Potrebe studenata i njihovo zadovoljstvo studijem, nastavnicima i radom mentora kontinuirano pratimo, a o rezultatima izvje\u0161tavamo i nastavnike i predstavnike studenata. Doktorski studij psihologije mogu upisati i kandidati drugih struka, nakon \u0161to uspje\u0161no zavr\u0161e <a href=\"https:\/\/drpsih.ffzg.unizg.hr\/index.php\/druge-struke\/\">pripremnu godinu<\/a>, a obaveze i prava studenata regulirane su\u00a0<a href=\"https:\/\/drpsih.ffzg.unizg.hr\/wp-content\/uploads\/2025\/04\/Pravilnik_o_doktorskim_studijima-24.9.2024..pdf\">Pravilnikom o Doktorskim studijima Sveu\u010dili\u0161ta u Zagrebu.<\/a><\/p><p style=\"font-weight: 400;\">Okosnicu studija \u010dini individualni rad s mentorom te individualne konzultacije s drugim nastavnicima. Ovisno o potrebama i interesima studenata, u ovaj proces uklju\u010dujemo i znanstvenike iz drugih zemalja. Svaki student ima individualno povjerenstvo za pra\u0107enje i individualni program studija. Na studiju njegujemo kolegijalni odnos izme\u0111u nastavnika i studenata te suradni\u010dku klimu me\u0111u studentima. Cijenimo predanost istra\u017eiva\u010dkom radu, otvorenost za suradnju, inovativnost i znanstvenu produktivnost. Studente poti\u010demo na istra\u017eiva\u010dki rad, objavljivanje znanstvenih radova, sudjelovanje na znanstvenim konferencijama i me\u0111unarodnu razmjenu. Na\u0161i doktorandi su oslobo\u0111eni pla\u0107anja kotizacije za sudjelovanje u dvije najve\u0107e me\u0111unarodne konferencije iz psihologije koje se bienalno odr\u017eavaju u Hrvatskoj: <a href=\"https:\/\/bups.ffzg.unizg.hr\/\">Bujasovi dani psihologije<\/a> (nekada\u0161nji naziv konferencije: &#8220;Dani Ramira i Zorana Bujasa&#8221;)\u00a0i <a href=\"https:\/\/psihologija.unizd.hr\/dani-psihologije\">Dani psihologije u Zadru.<\/a><\/p><p>Doktorski studij predstavlja najvi\u0161i stupanj akademskog obrazovanja. Uspje\u0161nim zavr\u0161etkom, stje\u010dete akademski naslov doktora znanosti u podru\u010dju dru\u0161tvenih znanosti, polju psihologije. To zna\u010di da ste razvili kompetencije potrebne za provedbu istra\u017eivanja koja \u0107e dovesti do novih spoznaja te da posjedujete znanja i vje\u0161tine potrebne za uspje\u0161no obavljanje najslo\u017eenijih zadataka u praksi.<\/p><p><span style=\"font-family: var( --e-global-typography-text-font-family ), Sans-serif; font-weight: var( --e-global-typography-text-font-weight ); letter-spacing: 0px;\">Pridru\u017eite nam se!<\/span><\/p><\/div>\n\t\t\t\t<\/div>\n\t\t\t\t<\/div>\n\t\t\t\t\t\t<\/div>\n\t\t\t\t\t<\/div>\n\t\t<\/div>\n\t\t\t\t\t\t\t\t<\/div>\n\t\t\t\t\t<\/div>\n\t\t<\/section>\n\t\t\t\t<section class=\"elementor-section elementor-top-section elementor-element elementor-element-6d3352c elementor-section-boxed elementor-section-height-default elementor-section-height-default\" data-id=\"6d3352c\" data-element_type=\"section\" data-settings=\"{&quot;_ha_eqh_enable&quot;:false}\">\n\t\t\t\t\t\t<div class=\"elementor-container elementor-column-gap-default\">\n\t\t\t\t\t\t\t<div class=\"elementor-row\">\n\t\t\t\t\t<div class=\"elementor-column elementor-col-100 elementor-top-column elementor-element elementor-element-15f51e4\" data-id=\"15f51e4\" data-element_type=\"column\">\n\t\t\t<div class=\"elementor-column-wrap\">\n\t\t\t\t\t\t\t<div class=\"elementor-widget-wrap\">\n\t\t\t\t\t\t\t\t<\/div>\n\t\t\t\t\t<\/div>\n\t\t<\/div>\n\t\t\t\t\t\t\t\t<\/div>\n\t\t\t\t\t<\/div>\n\t\t<\/section>\n\t\t\t\t\t\t<\/div>\n\t\t\t\t\t\t<\/div>\n\t\t\t\t\t<\/div>\n\t\t","protected":false},"excerpt":{"rendered":"<p>Doktorski studij psihologije Odsjek za psihologiju, Filozofski fakultet Sveu\u010dili\u0161ta u Zagrebu Natje\u010daj za upis na Doktorski studij psihologije Uvodna rije\u010d voditeljice Dobrodo\u0161li na Doktorski studij psihologije! Sve alumne, sada\u0161nje i budu\u0107e doktorande s veseljem obavje\u0161tavam da je na\u0161 doktorski studij uspje\u0161no pro\u0161ao postupak me\u0111unarodne akreditacije te nam je u srpnju 2018. izdana potvrda\u00a0o ispunjavanju uvjeta&hellip;<\/p>\n","protected":false},"author":1,"featured_media":0,"parent":0,"menu_order":0,"comment_status":"closed","ping_status":"closed","template":"elementor_header_footer","meta":[],"_links":{"self":[{"href":"https:\/\/drpsih.ffzg.unizg.hr\/index.php\/wp-json\/wp\/v2\/pages\/60"}],"collection":[{"href":"https:\/\/drpsih.ffzg.unizg.hr\/index.php\/wp-json\/wp\/v2\/pages"}],"about":[{"href":"https:\/\/drpsih.ffzg.unizg.hr\/index.php\/wp-json\/wp\/v2\/types\/page"}],"author":[{"embeddable":true,"href":"https:\/\/drpsih.ffzg.unizg.hr\/index.php\/wp-json\/wp\/v2\/users\/1"}],"replies":[{"embeddable":true,"href":"https:\/\/drpsih.ffzg.unizg.hr\/index.php\/wp-json\/wp\/v2\/comments?post=60"}],"version-history":[{"count":173,"href":"https:\/\/drpsih.ffzg.unizg.hr\/index.php\/wp-json\/wp\/v2\/pages\/60\/revisions"}],"predecessor-version":[{"id":4182,"href":"https:\/\/drpsih.ffzg.unizg.hr\/index.php\/wp-json\/wp\/v2\/pages\/60\/revisions\/4182"}],"wp:attachment":[{"href":"https:\/\/drpsih.ffzg.unizg.hr\/index.php\/wp-json\/wp\/v2\/media?parent=60"}],"curies":[{"name":"wp","href":"https:\/\/api.w.org\/{rel}","templated":true}]}}